{"id":1665,"date":"2020-10-21T20:30:22","date_gmt":"2020-10-21T20:30:22","guid":{"rendered":"http:\/\/reviewit.wpsoul.net\/?page_id=3"},"modified":"2024-11-01T16:32:06","modified_gmt":"2024-11-01T15:32:06","slug":"regulamin","status":"publish","type":"page","link":"https:\/\/content-hub.wlp.app\/vpn-pl\/regulamin\/","title":{"rendered":"Regulamin"},"content":{"rendered":"<br \/>\n<section>\n<h2>Postanowienia Og\u00f3lne<\/h2>\n<p>Niniejszy Regulamin okre\u015bla zasady \u015bwiadczenia na rzecz U\u017cytkownik\u00f3w przez Admitad Polska sp\u00f3\u0142ka z ograniczon\u0105 odpowiedzialno\u015bci\u0105 z siedzib\u0105 w Warszawie us\u0142ug obejmuj\u0105cych zapewnienie dost\u0119pu do Materia\u0142\u00f3w Reklamowych, w szczeg\u00f3lno\u015bci kupon\u00f3w i kod\u00f3w zni\u017ckowych, promuj\u0105cych Partner\u00f3w Admitad Polska, na Stronie Internetowej.<\/p>\n<p>U\u017cytkownik powinien zapozna\u0107 si\u0119 z tre\u015bci\u0105 niniejszego Regulaminu przed przyst\u0105pieniem do korzystania z us\u0142ug okre\u015blonych w niniejszym Regulaminie.<\/p>\n<p>Rozpoczynaj\u0105c korzystanie ze Strony Internetowej U\u017cytkownik potwierdza, \u017ce akceptuje warunki niniejszego Regulaminu i zobowi\u0105zuje si\u0119 ich przestrzega\u0107.<\/p>\n<\/section>\n<section>\n<h2>Definicje<\/h2>\n<ul>\n<li><strong>&#8222;Strona internetowa&#8221; &#8211; <\/strong> www.vpn.wpl.pl<\/li>\n<li><strong>\u201eMateria\u0142y Reklamowe\u201d &#8211; <\/strong> tre\u015bci Partner\u00f3w, promuj\u0105ce produkty\/us\u0142ugi Partner\u00f3w, w szczeg\u00f3lno\u015bci kupony lub kody zni\u017ckowe, zawieraj\u0105ce znaki towarowe Partner\u00f3w.<\/li>\n<li><strong>\u201eKod promocyjny\u201d &#8211; <\/strong> unikalny lub uniwersalny kod w formie ci\u0105gu znak\u00f3w alfanumerycznych dystrybuowany w zwi\u0105zku z prowadzonymi przez Partnera lub inne podmioty z nim powi\u0105zane akcjami promocyjnymi, pozwalaj\u0105cy na przyznanie U\u017cytkownikowi dost\u0119pu do towar\u00f3w lub us\u0142ug \u015bwiadczonych przez Partnera na zasadach ustalonych przez Partnera.<\/li>\n<li><strong>&#8222;Partner&#8221; &#8211; <\/strong> osoba prawna lub indywidualny przedsi\u0119biorca, kt\u00f3ry zawar\u0142 z Admitad Polska umow\u0119 o \u015bwiadczenie us\u0142ug reklamowych w ramach Strony Internetowej.<\/li>\n<li><strong>\u201eU\u017cytkownik\u201d &#8211; <\/strong> osoba fizyczna, kt\u00f3ra korzysta z Us\u0142ugi. U\u017cytkownikami mog\u0105 by\u0107 jedynie osoby pe\u0142noletnie, posiadaj\u0105ce pe\u0142n\u0105 zdolno\u015b\u0107 do czynno\u015bci prawnych.<\/li>\n<li><strong>\u201eAdmitad Polska\u201d &#8211; <\/strong> Admitad Polska sp\u00f3\u0142ka z ograniczon\u0105 odpowiedzialno\u015bci\u0105 z siedzib\u0105 w Warszawie przy ul. Elektronowej 2, 03-219, wpisana do Krajowego Rejestru S\u0105dowego, S\u0105du Rejonowego dla m.st. Warszawy, XIII Wydzia\u0142 Gospodarczy Krajowego Rejestru S\u0105dowego pod numerem KRS: 0000777319, (NIP 5252784498).<\/li>\n<li><strong>Wirtualna Polska Media S.A. &#8211; <\/strong> z siedzib\u0105 w Warszawie przy ul. Jutrzenki 137 A, 02-231 Warszawa, wpisan\u0105 do rejestru przedsi\u0119biorc\u00f3w Krajowego Rejestru S\u0105dowego prowadzonego przez S\u0105d Rejonowy dla m.st. Warszawy w Warszawie, XIII Wydzia\u0142 Gospodarczy Krajowego Rejestru S\u0105dowego pod numerem 0000580004, o numerze REGON 0000580004, o numerze NIP 5272645593, z kapita\u0142em zak\u0142adowym w wysoko\u015bci 320.005.950 PLN, op\u0142aconym w ca\u0142o\u015bci.<\/li>\n<\/ul>\n<\/section>\n<section>\n<h2>Funkcjonalno\u015bci Strony Internetowej<\/h2>\n<p>W ramach Strony Internetowej U\u017cytkownik mo\u017ce wy\u015bwietla\u0107 Materia\u0142y Reklamowe zawieraj\u0105ce hiper\u0142\u0105cze przenosz\u0105ce U\u017cytkownika na stron\u0119 internetow\u0105 Partnera.<\/p>\n<p>Materia\u0142y Reklamowe mog\u0105 zawiera\u0107 Kod Promocyjny. Kod Promocyjny mo\u017ce posiada\u0107 termin wa\u017cno\u015bci, po przekroczeniu kt\u00f3rego stanie si\u0119 niewa\u017cny. O wszelkich szczeg\u00f3\u0142ach dotycz\u0105cych uprawnie\u0144 jakie daje U\u017cytkownikowi Kod Promocyjny, U\u017cytkownik informowany b\u0119dzie ka\u017cdorazowo po otrzymaniu takiego kodu oraz na stronie internetowej Partnera.<\/p>\n<\/section>\n<section>\n<h2>Warunki korzystania z funkcjonalno\u015bci Strony Internetowej<\/h2>\n<p>W celu prawid\u0142owego i pe\u0142nego korzystania ze Strony Internetowej niezb\u0119dne jest urz\u0105dzenie ko\u0144cowe maj\u0105ce dost\u0119p do sieci Internet wraz z prawid\u0142owo skonfigurowan\u0105, aktualn\u0105 wersj\u0105 przegl\u0105darki internetowej.<\/p>\n<p>Dost\u0119p do Strony Internetowej jest zapewniany U\u017cytkownikowi bezp\u0142atnie. Wszelkie umowy, kt\u00f3rych zawarcie umo\u017cliwiaj\u0105 zamieszczone na Stronie Internetowej odno\u015bniki, zawierane s\u0105 mi\u0119dzy U\u017cytkownikiem a Partnerem, za po\u015brednictwem strony internetowej danego Partnera. Admitad Polska nie jest stron\u0105 \u017cadnej z tych transakcji.<\/p>\n<\/section>\n<section>\n<h2>Zobowi\u0105zania U\u017cytkownika<\/h2>\n<p>U\u017cytkownik nie mo\u017ce korzysta\u0107 ze Strony Internetowej w spos\u00f3b naruszaj\u0105cy postanowienia niniejszego regulaminu, ani w spos\u00f3b, kt\u00f3ry narusza jakiekolwiek obowi\u0105zuj\u0105ce przepisy lub regulacje, w\u0142\u0105cznie z wszelkimi zasadami dotycz\u0105cymi praw w\u0142asno\u015bci intelektualnej.<\/p>\n<p>U\u017cytkownik nie mo\u017ce podejmowa\u0107 \u017cadnych dzia\u0142a\u0144, kt\u00f3re zagra\u017ca\u0142yby bezpiecze\u0144stwu Strony Internetowej lub mog\u0142yby nara\u017ca\u0107 lub os\u0142abi\u0107 jej infrastruktur\u0119 techniczn\u0105 lub infrastruktur\u0119 osoby trzeciej.<\/p>\n<p>U\u017cytkownik nie mo\u017ce uszkadza\u0107, wy\u0142\u0105cza\u0107, w\u0142amywa\u0107 si\u0119 do Strony Internetowej ani w \u017caden inny spos\u00f3b w ni\u0105 ingerowa\u0107, ani te\u017c wprowadza\u0107 do Strony Internetowej \u017cadnych wirus\u00f3w, &#8222;robak\u00f3w&#8221;, z\u0142o\u015bliwego oprogramowania, program\u00f3w szpieguj\u0105cych, &#8222;Trojan\u00f3w&#8221; ani \u017cadnego innego szkodliwego kodu lub programu, kt\u00f3ry m\u00f3g\u0142by zak\u0142\u00f3ci\u0107 dzia\u0142anie Strony Internetowej.<\/p>\n<\/section>\n<section>\n<h2>Prawa w\u0142asno\u015bci intelektualnej<\/h2>\n<p>Prawa do ca\u0142ej zawarto\u015bci Strony Internetowej nale\u017c\u0105 do Admitad Polska i\/lub stron trzecich, w szczeg\u00f3lno\u015bci do Wirtualna Polska Media S.A., i s\u0105 chronione przez obowi\u0105zuj\u0105ce prawo autorskie.<\/p>\n<p>Prawa do znak\u00f3w towarowych zamieszczonych na Stronie Internetowej i oprogramowanie stanowi\u0105ce jej podstaw\u0119 nale\u017c\u0105 do Admitad Polska i jej licencjodawc\u00f3w. U\u017cytkownik nie mo\u017ce sprzedawa\u0107, dystrybuowa\u0107, publikowa\u0107, udost\u0119pnia\u0107, rozprowadza\u0107 lub wykorzystywa\u0107 komercyjnie Strony Internetowej w \u017caden spos\u00f3b bez uprzedniej pisemnej zgody Admitad Polska. U\u017cytkownik nie mo\u017ce reprodukowa\u0107 (w ca\u0142o\u015bci lub w cz\u0119\u015bci), transmitowa\u0107 (poprzez \u015brodki elektroniczne lub w inny spos\u00f3b), modyfikowa\u0107, wy\u015bwietla\u0107, odbiera\u0107, licencjonowa\u0107, \u0142\u0105czy\u0107 oraz w inny spos\u00f3b u\u017cywa\u0107 Strony Internetowej, tre\u015bci Strony Internetowej lub znak\u00f3w towarowych na niej zamieszczonych w wykonaniu jakiegokolwiek publicznego lub komercyjnego celu bez uprzedniego pozwolenia Admitad Polska.<\/p>\n<p>\u017badne z postanowie\u0144 niniejszego Regulaminu nie mo\u017ce by\u0107 interpretowane jako udzielenie licencji lub prawa do kopiowania lub rozpowszechniania jakichkolwiek tre\u015bci, obraz\u00f3w lub znak\u00f3w towarowych.<\/p>\n<\/section>\n<section>\n<h2>Uprawnienia do wprowadzenia zmian<\/h2>\n<p>Admitad Polska mo\u017ce zmieni\u0107 niniejszy Regulamin lub funkcjonalno\u015bci Strony Internetowej. Zmiany niniejszego Regulaminu b\u0119d\u0105 publikowane na Stronie Internetowej.<\/p>\n<p>Admitad Polska mo\u017ce zawiesi\u0107 dost\u0119p do Strony Internetowej, mi\u0119dzy innymi w celu:<\/p>\n<ul>\n<li>Naprawienia problem\u00f3w technicznych lub wprowadzenia drobnych technicznych zmian;<\/li>\n<li>Dokonania aktualizacji do odzwierciedlenia zmian w odpowiednich przepisach i wymaganiach regulacyjnych.<\/li>\n<\/ul>\n<\/section>\n<section>\n<h2>Zawarcie, rozwi\u0105zanie i wypowiedzenie<\/h2>\n<p>Zawarcie umowy o \u015bwiadczenie us\u0142ug bezp\u0142atnych nast\u0119puje w momencie dokonania jakiejkolwiek czynno\u015bci.<\/p>\n<p>U\u017cytkownik mo\u017ce w ka\u017cdej chwili zaprzesta\u0107 korzystania z us\u0142ug bezp\u0142atnych poprzez zaniechanie wej\u015b\u0107 na Stron\u0119 Internetow\u0105.<\/p>\n<p>Zobowi\u0105zania U\u017cytkownika wymienione w ust. 5 powy\u017cej obowi\u0105zuj\u0105 r\u00f3wnie\u017c po rozwi\u0105zaniu niniejszej umowy. W zwi\u0105zku z tym, Admitad Polska mo\u017ce wykonywa\u0107 swoje uprawnienia w zwi\u0105zku z naruszeniem przez U\u017cytkownika postanowie\u0144 ust. 5 po zako\u0144czeniu obowi\u0105zywania umowy.<\/p>\n<\/section>\n<section>\n<h2>Reklamacje<\/h2>\n<p>W celu z\u0142o\u017cenia reklamacji U\u017cytkownik powinien przes\u0142a\u0107 do Admitad Polska poczt\u0105 tradycyjn\u0105 lub elektroniczn\u0105 na adres <a href=\"mailto:accountspl@fairsavings.com\">accountspl@fairsavings.com<\/a> o\u015bwiadczenie zawieraj\u0105ce rodzaj \u017c\u0105dania oraz dane umo\u017cliwiaj\u0105ce Admitad Polska kontakt z U\u017cytkownikiem (co najmniej imi\u0119 i nazwisko oraz adres korespondencyjny).<\/p>\n<p>Admitad Polska mo\u017ce poprosi\u0107 U\u017cytkownika o uzupe\u0142nienie ewentualnych brak\u00f3w reklamacji. Admitad Polska jest zobowi\u0105zana ustosunkowa\u0107 si\u0119 do \u017c\u0105dania reklamacyjnego w terminie 14 dni od jego zg\u0142oszenia.<\/p>\n<p>Postanowienia niniejszego paragrafu stosuje si\u0119 odpowiednio do wszelkich uwag U\u017cytkownika, zwi\u0105zanych z funkcjonowaniem Strony Internetowej.<\/p>\n<\/section>\n<section>\n<h2>Ograniczenie odpowiedzialno\u015bci<\/h2>\n<p>Admitad Polska nie gwarantuje poprawno\u015bci dzia\u0142ania zamieszczonych na Stronie Internetowej Kod\u00f3w Promocyjnych, ani aktualno\u015bci zamieszczonych Materia\u0142\u00f3w Reklamowych. Admitad Polska nie ponosi r\u00f3wnie\u017c odpowiedzialno\u015bci za funkcjonowanie oraz poprawne dzia\u0142anie Strony Internetowej. W szczeg\u00f3lno\u015bci nie ponosi jakiejkolwiek odpowiedzialno\u015bci w przypadku naruszenia przez Partnera lub inne podmioty z nim zwi\u0105zane obowi\u0105zuj\u0105cych przepis\u00f3w prawa w zakresie \u015bwiadczenia sprzeda\u017cy na odleg\u0142o\u015b\u0107, poza lokalem przedsi\u0119biorcy oraz w zakresie \u015bwiadczenia us\u0142ug drog\u0105 elektroniczn\u0105, jak i realizacji zawartej mi\u0119dzy Pa\u0144stwem a Partnerem umowy.<\/p>\n<p>Admitad Polska nie ponosi odpowiedzialno\u015bci za ewentualne straty gospodarcze U\u017cytkownika. Korzystanie ze Strony Internetowej jest ograniczone do u\u017cytku prywatnego. Nie ponosimy \u017cadnej odpowiedzialno\u015bci za utrat\u0119 zysk\u00f3w, utrat\u0119 dzia\u0142alno\u015bci, przerwanie dzia\u0142alno\u015bci lub utrat\u0119 mo\u017cliwo\u015bci biznesowych.<\/p>\n<\/section>\n<p><\/body><br \/>\n<\/html><\/p>\n","protected":false},"excerpt":{"rendered":"<p>Postanowienia Og\u00f3lne Niniejszy Regulamin okre\u015bla zasady \u015bwiadczenia na rzecz U\u017cytkownik\u00f3w przez Admitad Polska sp\u00f3\u0142ka z ograniczon\u0105 odpowiedzialno\u015bci\u0105 z siedzib\u0105 w Warszawie us\u0142ug obejmuj\u0105cych zapewnienie dost\u0119pu do Materia\u0142\u00f3w Reklamowych, w szczeg\u00f3lno\u015bci kupon\u00f3w i kod\u00f3w zni\u017ckowych, promuj\u0105cych Partner\u00f3w Admitad Polska, na Stronie Internetowej. U\u017cytkownik powinien zapozna\u0107 si\u0119 z tre\u015bci\u0105 niniejszego Regulaminu przed przyst\u0105pieniem do korzystania z us\u0142ug [&hellip;]<\/p>\n","protected":false},"author":1,"featured_media":0,"parent":0,"menu_order":0,"comment_status":"closed","ping_status":"open","template":"","meta":{"_acf_changed":false,"om_disable_all_campaigns":false,"_uf_show_specific_survey":0,"_uf_disable_surveys":false,"_monsterinsights_skip_tracking":false,"_monsterinsights_sitenote_active":false,"_monsterinsights_sitenote_note":"","_monsterinsights_sitenote_category":0,"footnotes":""},"class_list":["post-1665","page","type-page","status-publish","hentry"],"acf":[],"yoast_head":"<!-- This site is optimized with the Yoast SEO plugin v23.4 - https:\/\/yoast.com\/wordpress\/plugins\/seo\/ -->\n<title>Regulamin -<\/title>\n<meta name=\"description\" content=\"Conoce los t\u00e9rminos de uso de la categor\u00eda de P\u00fablico VPN para navegar con toda seguridad conociendo todos los t\u00e9rminos.\" \/>\n<meta name=\"robots\" content=\"index, follow, max-snippet:-1, max-image-preview:large, max-video-preview:-1\" \/>\n<link rel=\"canonical\" href=\"https:\/\/vpn.wp.pl\/wp-json\/wp\/v2\/pages\/1665\" \/>\n<meta property=\"og:locale\" content=\"pl_PL\" \/>\n<meta property=\"og:type\" content=\"article\" \/>\n<meta property=\"og:title\" content=\"Regulamin -\" \/>\n<meta property=\"og:description\" content=\"Conoce los t\u00e9rminos de uso de la categor\u00eda de P\u00fablico VPN para navegar con toda seguridad conociendo todos los t\u00e9rminos.\" \/>\n<meta property=\"og:url\" content=\"https:\/\/content-hub.wlp.app\/vpn-pl\/regulamin\/\" \/>\n<meta property=\"og:site_name\" content=\"WP VPN\" \/>\n<meta property=\"article:modified_time\" content=\"2024-11-01T15:32:06+00:00\" \/>\n<meta name=\"twitter:card\" content=\"summary_large_image\" \/>\n<meta name=\"twitter:label1\" content=\"Szacowany czas czytania\" \/>\n\t<meta name=\"twitter:data1\" content=\"9 minut\" \/>\n<script type=\"application\/ld+json\" class=\"yoast-schema-graph\">{\"@context\":\"https:\/\/schema.org\",\"@graph\":[{\"@type\":\"WebPage\",\"@id\":\"https:\/\/content-hub.wlp.app\/vpn-pl\/regulamin\/\",\"url\":\"https:\/\/content-hub.wlp.app\/vpn-pl\/regulamin\/\",\"name\":\"Regulamin -\",\"isPartOf\":{\"@id\":\"https:\/\/content-hub.wlp.app\/vpn-pl\/#website\"},\"datePublished\":\"2020-10-21T20:30:22+00:00\",\"dateModified\":\"2024-11-01T15:32:06+00:00\",\"description\":\"Conoce los t\u00e9rminos de uso de la categor\u00eda de P\u00fablico VPN para navegar con toda seguridad conociendo todos los t\u00e9rminos.\",\"breadcrumb\":{\"@id\":\"https:\/\/content-hub.wlp.app\/vpn-pl\/regulamin\/#breadcrumb\"},\"inLanguage\":\"pl-PL\",\"potentialAction\":[{\"@type\":\"ReadAction\",\"target\":[\"https:\/\/content-hub.wlp.app\/vpn-pl\/regulamin\/\"]}]},{\"@type\":\"BreadcrumbList\",\"@id\":\"https:\/\/content-hub.wlp.app\/vpn-pl\/regulamin\/#breadcrumb\",\"itemListElement\":[{\"@type\":\"ListItem\",\"position\":1,\"name\":\"VPN\",\"item\":\"https:\/\/vpn.wp.pl\"},{\"@type\":\"ListItem\",\"position\":2,\"name\":\"Regulamin\"}]},{\"@type\":\"WebSite\",\"@id\":\"https:\/\/content-hub.wlp.app\/vpn-pl\/#website\",\"url\":\"https:\/\/content-hub.wlp.app\/vpn-pl\/\",\"name\":\"WP VPN\",\"description\":\"\",\"potentialAction\":[{\"@type\":\"SearchAction\",\"target\":{\"@type\":\"EntryPoint\",\"urlTemplate\":\"https:\/\/content-hub.wlp.app\/vpn-pl\/?s={search_term_string}\"},\"query-input\":{\"@type\":\"PropertyValueSpecification\",\"valueRequired\":true,\"valueName\":\"search_term_string\"}}],\"inLanguage\":\"pl-PL\"}]}<\/script>\n<!-- \/ Yoast SEO plugin. -->","yoast_head_json":{"title":"Regulamin -","description":"Conoce los t\u00e9rminos de uso de la categor\u00eda de P\u00fablico VPN para navegar con toda seguridad conociendo todos los t\u00e9rminos.","robots":{"index":"index","follow":"follow","max-snippet":"max-snippet:-1","max-image-preview":"max-image-preview:large","max-video-preview":"max-video-preview:-1"},"canonical":"https:\/\/vpn.wp.pl\/wp-json\/wp\/v2\/pages\/1665","og_locale":"pl_PL","og_type":"article","og_title":"Regulamin -","og_description":"Conoce los t\u00e9rminos de uso de la categor\u00eda de P\u00fablico VPN para navegar con toda seguridad conociendo todos los t\u00e9rminos.","og_url":"https:\/\/content-hub.wlp.app\/vpn-pl\/regulamin\/","og_site_name":"WP VPN","article_modified_time":"2024-11-01T15:32:06+00:00","twitter_card":"summary_large_image","twitter_misc":{"Szacowany czas czytania":"9 minut"},"schema":{"@context":"https:\/\/schema.org","@graph":[{"@type":"WebPage","@id":"https:\/\/content-hub.wlp.app\/vpn-pl\/regulamin\/","url":"https:\/\/content-hub.wlp.app\/vpn-pl\/regulamin\/","name":"Regulamin -","isPartOf":{"@id":"https:\/\/content-hub.wlp.app\/vpn-pl\/#website"},"datePublished":"2020-10-21T20:30:22+00:00","dateModified":"2024-11-01T15:32:06+00:00","description":"Conoce los t\u00e9rminos de uso de la categor\u00eda de P\u00fablico VPN para navegar con toda seguridad conociendo todos los t\u00e9rminos.","breadcrumb":{"@id":"https:\/\/content-hub.wlp.app\/vpn-pl\/regulamin\/#breadcrumb"},"inLanguage":"pl-PL","potentialAction":[{"@type":"ReadAction","target":["https:\/\/content-hub.wlp.app\/vpn-pl\/regulamin\/"]}]},{"@type":"BreadcrumbList","@id":"https:\/\/content-hub.wlp.app\/vpn-pl\/regulamin\/#breadcrumb","itemListElement":[{"@type":"ListItem","position":1,"name":"VPN","item":"https:\/\/vpn.wp.pl"},{"@type":"ListItem","position":2,"name":"Regulamin"}]},{"@type":"WebSite","@id":"https:\/\/content-hub.wlp.app\/vpn-pl\/#website","url":"https:\/\/content-hub.wlp.app\/vpn-pl\/","name":"WP VPN","description":"","potentialAction":[{"@type":"SearchAction","target":{"@type":"EntryPoint","urlTemplate":"https:\/\/content-hub.wlp.app\/vpn-pl\/?s={search_term_string}"},"query-input":{"@type":"PropertyValueSpecification","valueRequired":true,"valueName":"search_term_string"}}],"inLanguage":"pl-PL"}]}},"_links":{"self":[{"href":"https:\/\/content-hub.wlp.app\/vpn-pl\/wp-json\/wp\/v2\/pages\/1665"}],"collection":[{"href":"https:\/\/content-hub.wlp.app\/vpn-pl\/wp-json\/wp\/v2\/pages"}],"about":[{"href":"https:\/\/content-hub.wlp.app\/vpn-pl\/wp-json\/wp\/v2\/types\/page"}],"author":[{"embeddable":true,"href":"https:\/\/content-hub.wlp.app\/vpn-pl\/wp-json\/wp\/v2\/users\/1"}],"replies":[{"embeddable":true,"href":"https:\/\/content-hub.wlp.app\/vpn-pl\/wp-json\/wp\/v2\/comments?post=1665"}],"version-history":[{"count":2,"href":"https:\/\/content-hub.wlp.app\/vpn-pl\/wp-json\/wp\/v2\/pages\/1665\/revisions"}],"predecessor-version":[{"id":5257,"href":"https:\/\/content-hub.wlp.app\/vpn-pl\/wp-json\/wp\/v2\/pages\/1665\/revisions\/5257"}],"wp:attachment":[{"href":"https:\/\/content-hub.wlp.app\/vpn-pl\/wp-json\/wp\/v2\/media?parent=1665"}],"curies":[{"name":"wp","href":"https:\/\/api.w.org\/{rel}","templated":true}]}}