{"id":5253,"date":"2024-11-01T16:28:35","date_gmt":"2024-11-01T15:28:35","guid":{"rendered":"https:\/\/content-hub.wlp.app\/vpn-pl\/?page_id=5253"},"modified":"2024-11-01T16:28:35","modified_gmt":"2024-11-01T15:28:35","slug":"polityka-cookies","status":"publish","type":"page","link":"https:\/\/content-hub.wlp.app\/vpn-pl\/polityka-cookies\/","title":{"rendered":"Polityka Cookies"},"content":{"rendered":"<section>Niniejsza Polityka Cookies (&#8222;Polityka&#8221;) obowi\u0105zuje dla strony internetowej <a href=\"http:\/\/www.vpn.wpl.pl\">www.vpn.wpl.pl<\/a>, kt\u00f3ra jest prowadzona i udost\u0119pniana przez Admitad Polska sp. z o.o. z siedzib\u0105 w Warszawie, ul. Elektronowa 2, 03-219 Warszawa (\u201eADMITAD\u201d).<\/p>\n<p>Informacje pochodz\u0105ce z plik\u00f3w cookies zgromadzone za po\u015brednictwem niniejszej strony internetowej b\u0119d\u0105 wykorzystywane przez ADMITAD wy\u0142\u0105cznie w spos\u00f3b okre\u015blony w niniejszej Polityce. Poni\u017cej znajd\u0105 Pa\u0144stwo informacje o tym, w jaki spos\u00f3b ADMITAD wykorzystuje pozyskane dane z plik\u00f3w cookies, do jakich cel\u00f3w s\u0105 one wykorzystywane oraz komu s\u0105 one udost\u0119pniane.<\/p>\n<h2>Pliki cookies<\/h2>\n<h3>Czym s\u0105 pliki cookies?<\/h3>\n<p>G\u0142\u00f3wnym celem plik\u00f3w cookies jest przyspieszenie dost\u0119pu u\u017cytkownik\u00f3w do wybranych us\u0142ug. Ponadto pliki cookies umo\u017cliwiaj\u0105 dostosowanie us\u0142ug oferowanych przez stron\u0119 internetow\u0105, umo\u017cliwiaj\u0105c dostarczanie interesuj\u0105cych lub potencjalnie interesuj\u0105cych informacji u\u017cytkownikom w zale\u017cno\u015bci od sposobu korzystania przez nich z us\u0142ug. ADMITAD u\u017cywa plik\u00f3w cookies w celu zrozumienia, w jaki spos\u00f3b korzystaj\u0105 Pa\u0144stwo ze strony internetowej <a href=\"http:\/\/www.vpn.wpl.pl\">www.vpn.wpl.pl<\/a> oraz w celu poprawy Pa\u0144stwa do\u015bwiadcze\u0144.<\/p>\n<p>Admitad mo\u017ce przechowywa\u0107 pliki cookie na urz\u0105dzeniach, je\u015bli s\u0105 one bezwzgl\u0119dnie konieczne do dzia\u0142ania tej strony. W przypadku wszystkich innych rodzaj\u00f3w plik\u00f3w cookie Admitad potrzebuje zgody u\u017cytkownika.<\/p>\n<p>Ta strona u\u017cywa r\u00f3\u017cnych typ\u00f3w plik\u00f3w cookie. Niekt\u00f3re pliki cookie s\u0105 umieszczane przez us\u0142ugi stron trzecich, kt\u00f3re pojawiaj\u0105 si\u0119 na naszych stronach. Cookies to pliki tekstowe i numeryczne, kt\u00f3re s\u0105 przechowywane na Pa\u0144stwa komputerze. Po zako\u0144czeniu sesji i zamkni\u0119ciu przegl\u0105darki wiele plik\u00f3w tekstowych jest usuwanych, s\u0105 to tak zwane &#8222;cookies sesji&#8221;. Przechowywane s\u0105 r\u00f3wnie\u017c tak zwane &#8222;trwa\u0142e pliki cookies&#8221;, kt\u00f3re pozwalaj\u0105 rozpozna\u0107 u\u017cytkownika podczas kolejnej wizyty na stronie internetowej.<\/p>\n<h3>Przetwarzane pliki cookies<\/h3>\n<p>ADMITAD przetwarza pliki cookies w r\u00f3\u017cnym zakresie, w zale\u017cno\u015bci od ich przeznaczenia:<\/p>\n<h4>Obowi\u0105zkowe pliki cookie:<\/h4>\n<p>Te pliki cookies s\u0105 potrzebne do prawid\u0142owego funkcjonowania Strony, umo\u017cliwiaj\u0105 poruszanie si\u0119 po naszej Stronie i korzystanie z jej opcji. Pliki te nie identyfikuj\u0105 u\u017cytkownika. Je\u015bli nie wyra\u017casz zgody na korzystanie z tego typu plik\u00f3w, mo\u017ce to wp\u0142yn\u0105\u0107 na dzia\u0142anie Strony lub jej element\u00f3w.<\/p>\n<h4>\u015aledz\u0105ce pliki cookie:<\/h4>\n<p>Te pliki cookies s\u0105 potrzebne do \u015bledzenia ruch\u00f3w w celu zmiany op\u0142at prowizyjnych nale\u017cnych naszym partnerom biznesowym, z kt\u00f3rymi wsp\u00f3\u0142pracujemy. W tym celu pliki cookie \u015bledz\u0105ce dokumentuj\u0105 przypadki i czas klikni\u0119cia na dan\u0105 ofert\u0119. Je\u015bli p\u00f3\u017aniej kupisz co\u015b od okre\u015blonego partnera biznesowego, plik cookie zidentyfikuje Ci\u0119 jako kupuj\u0105cego przekierowanego z naszej strony internetowej, a my otrzymamy wynagrodzenie prowizyjne. Te pliki cookie s\u0142u\u017c\u0105 wy\u0142\u0105cznie do dopasowania sprzeda\u017cy do odpowiedniej oferty na naszej stronie internetowej.<\/p>\n<h4>Funkcjonalne pliki cookies:<\/h4>\n<p>Te pliki cookie umo\u017cliwiaj\u0105 &#8222;zapami\u0119tanie&#8221; dokonanego przez Pa\u0144stwa wyboru (na przyk\u0142ad wprowadzonej nazwy u\u017cytkownika, j\u0119zyka i regionu, w kt\u00f3rym si\u0119 Pa\u0144stwo znajduj\u0105) w celu zwi\u0119kszenia efektywno\u015bci i dostosowania do\u015bwiadcze\u0144 zwi\u0105zanych ze Stron\u0105 internetow\u0105. Informacje zebrane z tego typu plik\u00f3w mog\u0105 zawiera\u0107 podane przez Ciebie dane osobowe, np. nazw\u0119 u\u017cytkownika lub informacje o zam\u00f3wieniach. Zawsze b\u0119dziemy informowa\u0107 Ci\u0119 o informacjach, kt\u00f3re zbieramy, jak je obs\u0142ugujemy i przetwarzamy. W przypadku zablokowania tego typu plik\u00f3w, mo\u017ce to wp\u0142yn\u0105\u0107 na wydajno\u015b\u0107 i funkcjonalno\u015b\u0107 Strony internetowej oraz ograniczy\u0107 dost\u0119p do zawarto\u015bci Strony internetowej.<\/p>\n<h4>Reklamowe i targetuj\u0105ce pliki cookies:<\/h4>\n<p>Te pliki cookie umo\u017cliwiaj\u0105 dostarczanie tre\u015bci reklamowych, kt\u00f3re mog\u0105 przyku\u0107 uwag\u0119 u\u017cytkownika i by\u0107 dla niego interesuj\u0105ce. Mog\u0105 by\u0107 wykorzystywane do dostarczania ukierunkowanych reklam lub ograniczania liczby wy\u015bwietle\u0144 reklam. Pomagaj\u0105 nam r\u00f3wnie\u017c oceni\u0107 skuteczno\u015b\u0107 kampanii reklamowych prowadzonych na Stronie i w zasobach internetowych innych firm. Mo\u017cemy u\u017cywa\u0107 tych plik\u00f3w cookie do rejestrowania informacji o odwiedzanych witrynach i udost\u0119pnia\u0107 te informacje innym podmiotom, w tym reklamodawcom i agencjom. Informacje zebrane z tego typu plik\u00f3w mog\u0105 zawiera\u0107 podane przez Ciebie dane osobowe. Zawsze b\u0119dziemy Ci\u0119 informowa\u0107 o tym, jakie informacje zbieramy, jak je obs\u0142ugujemy i przetwarzamy. W przypadku zablokowania tego typu plik\u00f3w, mo\u017ce to wp\u0142yn\u0105\u0107 na wydajno\u015b\u0107 i funkcjonalno\u015b\u0107 serwisu oraz ograniczy\u0107 dost\u0119p do zawarto\u015bci serwisu.<\/p>\n<h4>Pliki cookie medi\u00f3w spo\u0142eczno\u015bciowych:<\/h4>\n<p>Ta Strona internetowa mo\u017ce zawiera\u0107 wtyczki medi\u00f3w spo\u0142eczno\u015bciowych, takich jak Facebook, w celu umo\u017cliwienia Pa\u0144stwu udost\u0119pniania tre\u015bci tych stron w takich mediach spo\u0142eczno\u015bciowych. Je\u015bli korzystasz z tych komponent\u00f3w, te media spo\u0142eczno\u015bciowe mog\u0105 r\u00f3wnie\u017c umieszcza\u0107 pliki cookie w Twojej przegl\u0105darce w celach reklamowych.<\/p>\n<\/section>\n<section>\n<h3>Pliki Cookies a dane osobowe<\/h3>\n<p>Nie wszystkie zbierane przez ADMITAD dane plik\u00f3w cookies b\u0119d\u0105 danymi osobowymi. Je\u017celi jednak dane te pozwol\u0105 na dostateczn\u0105 identyfikacje u\u017cytkownika, aby nada\u0107 im znaczenie danych osobowych b\u0119d\u0105 one przetwarzane na podstawie art. 6 ust. 1 pkt. 1 lit. b), lit f) lub a) Rozporz\u0105dzenie Parlamentu Europejskiego i Rady (UE) 2016\/679 z dnia 27 kwietnia 2016 r. w sprawie ochrony os\u00f3b fizycznych w zwi\u0105zku z przetwarzaniem danych osobowych i w sprawie swobodnego przep\u0142ywu takich danych oraz uchylenia dyrektywy 95\/46\/WE (og\u00f3lne rozporz\u0105dzenie o ochronie danych) (\u201eRODO\u201d).<\/p>\n<p>Pliki cookies gromadzone s\u0105 w spos\u00f3b automatyczny. ADMITAD wykorzystuje informacje techniczne w celu usprawnienia system\u00f3w, zwi\u0119kszenia wygody korzystania ze stron lub zapewnienia jej bezpiecze\u0144stwa. Dane z plik\u00f3w cookies s\u0105 zbierane tylko w zakresie niezb\u0119dnym do prawid\u0142owego funkcjonowania stron lub w zakresie uzasadnionego interesu ADMITAD. ADMITAD b\u0119dzie mog\u0142o zbiera\u0107 inne dane osobowe tylko po wyra\u017ceniu przez Pa\u0144stwa zgody.<\/p>\n<p>Dane z plik\u00f3w cookies b\u0119d\u0105 automatycznie usuwane po spe\u0142nieniu cel\u00f3w, dla kt\u00f3rych zostan\u0105 zebrane lub po cofni\u0119ciu przez Pa\u0144stwa zgody na ich przetwarzanie.<\/p>\n<\/section>\n<section>\n<h2>Partnerzy<\/h2>\n<h3>Google Tag Manager<\/h3>\n<p>Google Tag Manager jest rozwi\u0105zaniem obs\u0142ugiwanym przez Google LLC. (1600 Amphitheatre Parkway, Mountain View, CA 94043, USA (&#8222;Google&#8221;), kt\u00f3ry umo\u017cliwia zarz\u0105dzanie tagami sprzedawanymi na stronie internetowej za pomoc\u0105 interfejsu. Narz\u0119dzie Tag Manager samo w sobie (kt\u00f3re implementuje tagi) jest domen\u0105 bez plik\u00f3w cookies i nie rejestruje danych osobowych. Narz\u0119dzie to powoduje aktywacj\u0119 innych tag\u00f3w, kt\u00f3re w pewnych okoliczno\u015bciach mog\u0105 z kolei rejestrowa\u0107 dane. Mened\u017cer tag\u00f3w Google nie ma dost\u0119pu do tych informacji. Je\u015bli nagrywanie zosta\u0142o wy\u0142\u0105czone na poziomie domeny lub plik\u00f3w cookies, to ustawienie to pozostanie w mocy dla wszystkich tag\u00f3w \u015bledz\u0105cych wdro\u017conych w Google Tag Manager.<\/p>\n<h3>Google Analytics<\/h3>\n<p>Google Analytics u\u017cywa plik\u00f3w cookies, aby pom\u00f3c witrynie przeanalizowa\u0107, w jaki spos\u00f3b korzystaj\u0105 Pa\u0144stwo ze strony internetowej. Informacje generowane przez cookies na temat korzystania z witryny przez u\u017cytkownika b\u0119d\u0105 przekazywane do serwera Google w USA i tam przechowywane.<\/p>\n<p>Google wykorzysta te informacje na zlecenie ADMITAD w celu oceny korzystania przez Pa\u0144stwa ze strony internetowej, tworzenia raport\u00f3w o aktywno\u015bci na stronie internetowej oraz \u015bwiadczenia innych us\u0142ug zwi\u0105zanych z korzystaniem z witryny internetowej i Internetu. Poniewa\u017c jest to us\u0142uga strony trzeciej, nie mamy wp\u0142ywu na przetwarzanie Pa\u0144stwa danych przez Google. Cel i zakres gromadzenia danych oraz dalsze przetwarzanie i wykorzystywanie danych przez Google, jak r\u00f3wnie\u017c Pa\u0144stwa prawa i mo\u017cliwo\u015bci ustawie\u0144 w zakresie ochrony Pa\u0144stwa prywatno\u015bci mo\u017cna znale\u017a\u0107 w odpowiednich informacjach dotycz\u0105cych ochrony danych na stronie <a href=\"https:\/\/www.google.de\/intl\/de\/policies\/privacy\/\">Google Privacy Policy<\/a><\/p>\n<h3>Facebook<\/h3>\n<p>ADMITAD wykorzystuje us\u0142ugi, kt\u00f3re za pomoc\u0105 plik\u00f3w cookies umo\u017cliwiaj\u0105 identyfikacje u\u017cytkownika aktualnie zalogowanego w portalu Facebook (1 Hacker Way Menlo Park, CA94025 USA) (\u201eFacebook\u201d). Dane pozyskane w ten spos\u00f3b s\u0105 u\u017cywane do cel\u00f3w reklamowych. Je\u015bli s\u0105 Pa\u0144stwo zalogowani do konta Facebook w tym samym czasie, kiedy przegl\u0105daj\u0105 Pa\u0144stwo stron\u0119 internetowa, Facebook mo\u017ce kojarzy\u0107 Pa\u0144stwa zachowanie podczas jej przegl\u0105dania z Pa\u0144stwa profilem u\u017cytkownika. Mog\u0105 Pa\u0144stwo zapobiec takiemu przetwarzaniu danych, wylogowuj\u0105c si\u0119 ze swojego konta przed odwiedzeniem naszych stron internetowych. Poniewa\u017c jest to us\u0142uga strony trzeciej, nie mamy wp\u0142ywu na przetwarzanie Pa\u0144stwa danych przez Facebook. Cel i zakres gromadzenia danych oraz dalsze przetwarzanie i wykorzystywanie danych przez Facebook, jak r\u00f3wnie\u017c Pa\u0144stwa prawa i mo\u017cliwo\u015bci ustawie\u0144 w zakresie ochrony Pa\u0144stwa prywatno\u015bci mo\u017cna znale\u017a\u0107 w odpowiednich informacjach dotycz\u0105cych ochrony danych na stronach <a href=\"https:\/\/pl-pl.facebook.com\/privacy\/explanation\">Facebook Privacy Policy<\/a><\/p>\n<h3>Nextgen Technology<\/h3>\n<p>Nextgen Technology (Alba House, Mulberry Business Park, Fishponds Road, Wokingham RG41 2GY, Wielka Brytania) (\u201cNextgen Technology\u201d) przetwarza plik cookies X-Mapping powi\u0105zany z platform\u0105 Stingray Traffic Manager z Riverbed, kt\u00f3ra jest aplikacj\u0105 r\u00f3wnowa\u017c\u0105c\u0105 obci\u0105\u017cenie dla us\u0142ug i stron internetowych o du\u017cym nat\u0119\u017ceniu ruchu. S\u0142u\u017cy do kierowania danych i \u017c\u0105da\u0144 stron na odpowiedni serwer. Poniewa\u017c jest to us\u0142uga strony trzeciej, nie mamy wp\u0142ywu na przetwarzanie Pa\u0144stwa danych przez Nextgen Technology. Cel i zakres gromadzenia danych oraz dalsze przetwarzanie i wykorzystywanie danych przez Nextgen Technology, jak r\u00f3wnie\u017c Pa\u0144stwa prawa i mo\u017cliwo\u015bci ustawie\u0144 w zakresie ochrony Pa\u0144stwa prywatno\u015bci mo\u017cna znale\u017a\u0107 w odpowiednich informacjach dotycz\u0105cych ochrony danych na stronach <a href=\"https:\/\/splash.riverbed.com\/docs\/DOC-1515\">Nextgen Technology Privacy Policy<\/a><\/p>\n<h3>Inni dostawcy reklamowi<\/h3>\n<p>Ni\u017cej wskazani dostawcy uzyskuj\u0105 dane dotycz\u0105ce konwersji tj. dzia\u0142a\u0144 u\u017cytkownik\u00f3w odwiedzaj\u0105cych witryn\u0119 po obejrzeniu lub klikni\u0119ciu jednej z reklam dostawcy. Skutkuje to stworzeniem w przegl\u0105darce u\u017cytkownika cookie, kt\u00f3re zawiera dane identyfikacyjne pomocne przy p\u00f3\u017aniejszym przypisaniu danej akcji do dzia\u0142a\u0144 reklamowych dostawcy. Dane s\u0105 przypisane do konkretnego dostawcy. Wykorzystywane s\u0105 dwa rodzaje kod\u00f3w plik\u00f3w cookies: click through oraz both. W przypadku click-through dane zbieraj\u0105 si\u0119 wy\u0142\u0105cznie po klikni\u0119ciu w reklam\u0119 dostawcy i tylko wtedy wysy\u0142ana jest informacja do dostawcy o podj\u0119ciu dzia\u0142ania przez u\u017cytkownika. Przy both wysy\u0142ana jest dodatkowa informacja o liczbie u\u017cytkownik\u00f3w, kt\u00f3rzy mogli zobaczy\u0107 reklam\u0119, ale w ni\u0105 nie klikn\u0119li. Poniewa\u017c jest to us\u0142uga stron trzecich, nie mamy wp\u0142ywu na przetwarzanie Pa\u0144stwa danych przez wskazanych dostawc\u00f3w. Celem przetwarzania pa\u0144stwa danych przez dostawc\u00f3w jest m.in. tworzenie raport\u00f3w o aktywno\u015bci na stronie internetowej oraz reakcji na reklamy dostawc\u00f3w. Szczeg\u00f3\u0142owe cele i zakres przetwarzania Pa\u0144stwa danych zale\u017cny jest od udzielonych zg\u00f3d i sposobu korzystania ze strony. Informacje dotycz\u0105ce Pa\u0144stwa prywatno\u015bci mo\u017cna znale\u017a\u0107 w odpowiednich informacjach dotycz\u0105cych ochrony danych w polityce prywatno\u015bci ka\u017cdego z dostawc\u00f3w.<\/p>\n<\/section>\n<section>\n<h2>Bezpiecze\u0144stwo<\/h2>\n<p>ADMITAD dysponuje aktualnymi \u015brodkami bezpiecze\u0144stwa, kt\u00f3re chroni\u0105 przed utrat\u0105, niew\u0142a\u015bciwym wykorzystaniem i zmian\u0105 danych, w tym danych osobowych. Chocia\u017c ADMITAD nie mo\u017ce zapewni\u0107 lub zagwarantowa\u0107, \u017ce nigdy nie dojdzie do utraty, niew\u0142a\u015bciwego wykorzystania lub zmiany informacji, dok\u0142ada wszelkich uzasadnionych stara\u0144, aby temu zapobiec.<\/p>\n<h2>Przechowywanie danych i rezygnacja<\/h2>\n<p>ADMITAD d\u0105\u017cy do tego, aby dzia\u0142ania zwi\u0105zane z przetwarzaniem Pa\u0144stwa danych by\u0142y jak najbardziej ograniczone. Pa\u0144stwa dane b\u0119d\u0105 przechowywane tylko tak d\u0142ugo, jak d\u0142ugo potrzebne do osi\u0105gni\u0119cia celu, dla kt\u00f3rego zosta\u0142y zgromadzone, a w stosownych przypadkach tak d\u0142ugo, jak d\u0142ugo b\u0119dzie to wymagane przez ustawowe wymogi dotycz\u0105ce przechowywania danych. Mog\u0105 Pa\u0144stwo zrezygnowa\u0107 z przetwarzania plik\u00f3w cookies wybieraj\u0105c odpowiednie ustawienia w przegl\u0105darce, jednak nale\u017cy pami\u0119ta\u0107, \u017ce w takim przypadku korzystanie z pe\u0142nej funkcjonalno\u015bci tej strony mo\u017ce okaza\u0107 si\u0119 niemo\u017cliwe.<\/p>\n<h2>Domy\u015blne przechowywanie plik\u00f3w cookies przez przegl\u0105darki<\/h2>\n<p>ADMITAD pragnie podkre\u015bli\u0107, i\u017c przechowywanie plik\u00f3w cookies w urz\u0105dzeniu ko\u0144cowym u\u017cytkownika dopuszczaj\u0105 r\u00f3wnie\u017c domy\u015blnie oprogramowania s\u0142u\u017c\u0105ce do przegl\u0105dania stron internetowych (przegl\u0105darki internetowe). U\u017cytkownicy strony internetowej <a href=\"http:\/\/www.vpn.wpl.pl\">www.vpn.wpl.pl<\/a> mog\u0105 w ka\u017cdym czasie zmieni\u0107 ustawienia dotycz\u0105cych plik\u00f3w cookies. Mog\u0105 one zosta\u0107 zmienione w szczeg\u00f3lno\u015bci w taki spos\u00f3b, aby zapobiega\u0107 automatycznej obs\u0142udze plik\u00f3w cookies w ustawieniach przegl\u0105darki internetowej b\u0105d\u017a informowa\u0107 o ich ka\u017cdorazowym zamieszczeniu w urz\u0105dzeniu ko\u0144cowym u\u017cytkownika strony internetowej. Ka\u017cdy u\u017cytkownik mo\u017ce zweryfikowa\u0107 we w\u0142asnym zakresie informacje o sposobach obs\u0142ugi plik\u00f3w cookies, kt\u00f3re dost\u0119pne s\u0105 w ustawieniach przegl\u0105darek internetowych, m.in. Chrome, Safari czy Mozilla Firefox.<\/p>\n<\/section>\n<section>\n<h2>Kontakt<\/h2>\n<p>Wszelkie pytania, w\u0105tpliwo\u015bci lub komentarze dotycz\u0105ce niniejszej Polityki lub wszelkie pro\u015bby dotycz\u0105ce plik\u00f3w cookies oraz danych osobowych prosimy kierowa\u0107 na adres mejlowy: <a href=\"mailto:accountspl@fairsavings.com\">accountspl@fairsavings.com<\/a><\/p>\n<\/section>\n<p>&nbsp;<\/p>\n","protected":false},"excerpt":{"rendered":"<p>Niniejsza Polityka Cookies (&#8222;Polityka&#8221;) obowi\u0105zuje dla strony internetowej www.vpn.wpl.pl, kt\u00f3ra jest prowadzona i udost\u0119pniana przez Admitad Polska sp. z o.o. z siedzib\u0105 w Warszawie, ul. Elektronowa 2, 03-219 Warszawa (\u201eADMITAD\u201d). Informacje pochodz\u0105ce z plik\u00f3w cookies zgromadzone za po\u015brednictwem niniejszej strony internetowej b\u0119d\u0105 wykorzystywane przez ADMITAD wy\u0142\u0105cznie w spos\u00f3b okre\u015blony w niniejszej Polityce. Poni\u017cej znajd\u0105 Pa\u0144stwo [&hellip;]<\/p>\n","protected":false},"author":1,"featured_media":0,"parent":0,"menu_order":0,"comment_status":"closed","ping_status":"closed","template":"","meta":{"_acf_changed":false,"om_disable_all_campaigns":false,"_uf_show_specific_survey":0,"_uf_disable_surveys":false,"_monsterinsights_skip_tracking":false,"_monsterinsights_sitenote_active":false,"_monsterinsights_sitenote_note":"","_monsterinsights_sitenote_category":0,"footnotes":""},"class_list":["post-5253","page","type-page","status-publish","hentry"],"acf":[],"yoast_head":"<!-- This site is optimized with the Yoast SEO plugin v23.4 - https:\/\/yoast.com\/wordpress\/plugins\/seo\/ -->\n<title>Polityka Cookies - WP VPN<\/title>\n<meta name=\"robots\" content=\"index, follow, max-snippet:-1, max-image-preview:large, max-video-preview:-1\" \/>\n<link rel=\"canonical\" href=\"https:\/\/vpn.wp.pl\/wp-json\/wp\/v2\/pages\/5253\" \/>\n<meta property=\"og:locale\" content=\"pl_PL\" \/>\n<meta property=\"og:type\" content=\"article\" \/>\n<meta property=\"og:title\" content=\"Polityka Cookies - WP VPN\" \/>\n<meta property=\"og:description\" content=\"Niniejsza Polityka Cookies (&#8222;Polityka&#8221;) obowi\u0105zuje dla strony internetowej www.vpn.wpl.pl, kt\u00f3ra jest prowadzona i udost\u0119pniana przez Admitad Polska sp. z o.o. z siedzib\u0105 w Warszawie, ul. Elektronowa 2, 03-219 Warszawa (\u201eADMITAD\u201d). Informacje pochodz\u0105ce z plik\u00f3w cookies zgromadzone za po\u015brednictwem niniejszej strony internetowej b\u0119d\u0105 wykorzystywane przez ADMITAD wy\u0142\u0105cznie w spos\u00f3b okre\u015blony w niniejszej Polityce. Poni\u017cej znajd\u0105 Pa\u0144stwo [&hellip;]\" \/>\n<meta property=\"og:url\" content=\"https:\/\/content-hub.wlp.app\/vpn-pl\/polityka-cookies\/\" \/>\n<meta property=\"og:site_name\" content=\"WP VPN\" \/>\n<meta name=\"twitter:card\" content=\"summary_large_image\" \/>\n<meta name=\"twitter:label1\" content=\"Szacowany czas czytania\" \/>\n\t<meta name=\"twitter:data1\" content=\"11 minut\" \/>\n<script type=\"application\/ld+json\" class=\"yoast-schema-graph\">{\"@context\":\"https:\/\/schema.org\",\"@graph\":[{\"@type\":\"WebPage\",\"@id\":\"https:\/\/content-hub.wlp.app\/vpn-pl\/polityka-cookies\/\",\"url\":\"https:\/\/content-hub.wlp.app\/vpn-pl\/polityka-cookies\/\",\"name\":\"Polityka Cookies - WP VPN\",\"isPartOf\":{\"@id\":\"https:\/\/content-hub.wlp.app\/vpn-pl\/#website\"},\"datePublished\":\"2024-11-01T15:28:35+00:00\",\"dateModified\":\"2024-11-01T15:28:35+00:00\",\"breadcrumb\":{\"@id\":\"https:\/\/content-hub.wlp.app\/vpn-pl\/polityka-cookies\/#breadcrumb\"},\"inLanguage\":\"pl-PL\",\"potentialAction\":[{\"@type\":\"ReadAction\",\"target\":[\"https:\/\/content-hub.wlp.app\/vpn-pl\/polityka-cookies\/\"]}]},{\"@type\":\"BreadcrumbList\",\"@id\":\"https:\/\/content-hub.wlp.app\/vpn-pl\/polityka-cookies\/#breadcrumb\",\"itemListElement\":[{\"@type\":\"ListItem\",\"position\":1,\"name\":\"VPN\",\"item\":\"https:\/\/vpn.wp.pl\"},{\"@type\":\"ListItem\",\"position\":2,\"name\":\"Polityka Cookies\"}]},{\"@type\":\"WebSite\",\"@id\":\"https:\/\/content-hub.wlp.app\/vpn-pl\/#website\",\"url\":\"https:\/\/content-hub.wlp.app\/vpn-pl\/\",\"name\":\"WP VPN\",\"description\":\"\",\"potentialAction\":[{\"@type\":\"SearchAction\",\"target\":{\"@type\":\"EntryPoint\",\"urlTemplate\":\"https:\/\/content-hub.wlp.app\/vpn-pl\/?s={search_term_string}\"},\"query-input\":{\"@type\":\"PropertyValueSpecification\",\"valueRequired\":true,\"valueName\":\"search_term_string\"}}],\"inLanguage\":\"pl-PL\"}]}<\/script>\n<!-- \/ Yoast SEO plugin. -->","yoast_head_json":{"title":"Polityka Cookies - WP VPN","robots":{"index":"index","follow":"follow","max-snippet":"max-snippet:-1","max-image-preview":"max-image-preview:large","max-video-preview":"max-video-preview:-1"},"canonical":"https:\/\/vpn.wp.pl\/wp-json\/wp\/v2\/pages\/5253","og_locale":"pl_PL","og_type":"article","og_title":"Polityka Cookies - WP VPN","og_description":"Niniejsza Polityka Cookies (&#8222;Polityka&#8221;) obowi\u0105zuje dla strony internetowej www.vpn.wpl.pl, kt\u00f3ra jest prowadzona i udost\u0119pniana przez Admitad Polska sp. z o.o. z siedzib\u0105 w Warszawie, ul. Elektronowa 2, 03-219 Warszawa (\u201eADMITAD\u201d). Informacje pochodz\u0105ce z plik\u00f3w cookies zgromadzone za po\u015brednictwem niniejszej strony internetowej b\u0119d\u0105 wykorzystywane przez ADMITAD wy\u0142\u0105cznie w spos\u00f3b okre\u015blony w niniejszej Polityce. Poni\u017cej znajd\u0105 Pa\u0144stwo [&hellip;]","og_url":"https:\/\/content-hub.wlp.app\/vpn-pl\/polityka-cookies\/","og_site_name":"WP VPN","twitter_card":"summary_large_image","twitter_misc":{"Szacowany czas czytania":"11 minut"},"schema":{"@context":"https:\/\/schema.org","@graph":[{"@type":"WebPage","@id":"https:\/\/content-hub.wlp.app\/vpn-pl\/polityka-cookies\/","url":"https:\/\/content-hub.wlp.app\/vpn-pl\/polityka-cookies\/","name":"Polityka Cookies - WP VPN","isPartOf":{"@id":"https:\/\/content-hub.wlp.app\/vpn-pl\/#website"},"datePublished":"2024-11-01T15:28:35+00:00","dateModified":"2024-11-01T15:28:35+00:00","breadcrumb":{"@id":"https:\/\/content-hub.wlp.app\/vpn-pl\/polityka-cookies\/#breadcrumb"},"inLanguage":"pl-PL","potentialAction":[{"@type":"ReadAction","target":["https:\/\/content-hub.wlp.app\/vpn-pl\/polityka-cookies\/"]}]},{"@type":"BreadcrumbList","@id":"https:\/\/content-hub.wlp.app\/vpn-pl\/polityka-cookies\/#breadcrumb","itemListElement":[{"@type":"ListItem","position":1,"name":"VPN","item":"https:\/\/vpn.wp.pl"},{"@type":"ListItem","position":2,"name":"Polityka Cookies"}]},{"@type":"WebSite","@id":"https:\/\/content-hub.wlp.app\/vpn-pl\/#website","url":"https:\/\/content-hub.wlp.app\/vpn-pl\/","name":"WP VPN","description":"","potentialAction":[{"@type":"SearchAction","target":{"@type":"EntryPoint","urlTemplate":"https:\/\/content-hub.wlp.app\/vpn-pl\/?s={search_term_string}"},"query-input":{"@type":"PropertyValueSpecification","valueRequired":true,"valueName":"search_term_string"}}],"inLanguage":"pl-PL"}]}},"_links":{"self":[{"href":"https:\/\/content-hub.wlp.app\/vpn-pl\/wp-json\/wp\/v2\/pages\/5253"}],"collection":[{"href":"https:\/\/content-hub.wlp.app\/vpn-pl\/wp-json\/wp\/v2\/pages"}],"about":[{"href":"https:\/\/content-hub.wlp.app\/vpn-pl\/wp-json\/wp\/v2\/types\/page"}],"author":[{"embeddable":true,"href":"https:\/\/content-hub.wlp.app\/vpn-pl\/wp-json\/wp\/v2\/users\/1"}],"replies":[{"embeddable":true,"href":"https:\/\/content-hub.wlp.app\/vpn-pl\/wp-json\/wp\/v2\/comments?post=5253"}],"version-history":[{"count":1,"href":"https:\/\/content-hub.wlp.app\/vpn-pl\/wp-json\/wp\/v2\/pages\/5253\/revisions"}],"predecessor-version":[{"id":5255,"href":"https:\/\/content-hub.wlp.app\/vpn-pl\/wp-json\/wp\/v2\/pages\/5253\/revisions\/5255"}],"wp:attachment":[{"href":"https:\/\/content-hub.wlp.app\/vpn-pl\/wp-json\/wp\/v2\/media?parent=5253"}],"curies":[{"name":"wp","href":"https:\/\/api.w.org\/{rel}","templated":true}]}}