{"id":1665,"date":"2020-10-21T20:30:22","date_gmt":"2020-10-21T20:30:22","guid":{"rendered":"http:\/\/reviewit.wpsoul.net\/?page_id=3"},"modified":"2024-06-17T09:34:12","modified_gmt":"2024-06-17T08:34:12","slug":"terminos-de-uso","status":"publish","type":"page","link":"https:\/\/content-hub.wlp.app\/vpn\/terminos-de-uso\/","title":{"rendered":"T\u00e9rminos de uso de P\u00fablico VPN"},"content":{"rendered":"<p><span style=\"font-weight: 400\">La utilizaci\u00f3n de P\u00fablico VPN <\/span><a href=\"https:\/\/www.publico.es\/vpn\/\"><span style=\"font-weight: 400\">https:\/\/www.publico.es\/vpn\/<\/span><\/a><span style=\"font-weight: 400\"> (en lo sucesivo denominado como \u201cSitio web\u201d) al acceder al Sitio web y\/o al realizar cualquier acci\u00f3n activa para utilizar las funcionalidades del Sitio web implica y conlleva la aceptaci\u00f3n de estos T\u00e9rminos y condiciones de uso del Sitio web. (en lo sucesivo denominado como \u201cUsuario\u201d). En el caso de que el Usuario no est\u00e9 de acuerdo con estas condiciones, deber\u00e1 no usar el Sitio web.<\/span><\/p>\n<p><span style=\"font-weight: 400\">El contenido del sitio web de P\u00fablico.es es gestionado en colaboraci\u00f3n con admitad GmbH (Heinz-Nixdorf-Stra\u00dfe 6, 74172 Neckarsulm, Deutschland, en lo sucesivo denominado como \u201cADM\u201d).<\/span><\/p>\n<p><span style=\"font-weight: 400\">El Sitio web tiene como objetivo proporcionar el acceso a informaci\u00f3n, comparativas, noticias, ofertas y calificaciones de servicios de VPN, lo que incluye el seguir los enlaces a otros sitios web.<\/span><\/p>\n<p>&nbsp;<\/p>\n<h2><span style=\"font-weight: 400\">Acceso al Sitio web<\/span><\/h2>\n<p><span style=\"font-weight: 400\">El Usuario debe disponer de todo el equipo y software necesario para poderse conectarse al Sitio Web, entre otras cosas, un tel\u00e9fono m\u00f3vil o alg\u00fan otro dispositivo de acceso, del mismo modo que una conexi\u00f3n estable a Internet. ADM puede interrumpir la funcionalidad de su Sitio web para realizar cualquier tarea de reparaci\u00f3n, correcci\u00f3n de sistemas, mantenimiento y\/o mejoras que considere necesarias, sin necesidad de notificaci\u00f3n previa al Usuario, y al aceptar estos T\u00e9rminos de uso que dichas interrupciones no pueden dar lugar a reclamaciones, econ\u00f3micas o de cualquier otra \u00edndole.<\/span><\/p>\n<p><span style=\"font-weight: 400\">ADM puede modificar o interrumpir el acceso a su Sitio Web temporalmente o permanentemente.<\/span><\/p>\n<p><span style=\"font-weight: 400\">ADM no garantiza la funcionalidad del Sitio web en todos los equipos y software.<\/span><\/p>\n<h2><span style=\"font-weight: 400\">Responsabilidad del Usuario<\/span><\/h2>\n<p><span style=\"font-weight: 400\">ADM no se har\u00e1 responsable de cualquier p\u00e9rdida o da\u00f1o sufridos por el Usuario debido a que este no haya respetado en modo alguno los presentes T\u00e9rminos de Uso. El Usuario se obliga a no utilizar el Sitio Web y cualesquiera otros servicios o bienes de ADM de forma indebida (incluyendo, a t\u00edtulo meramente enunciativo y no limitativo, la violaci\u00f3n de su finalidad no comercial), negligente o maliciosa, y a acatar lay respectivas leyes aplicables en cada pa\u00eds, respetar los derechos de ADM y de cualesquiera terceros, incluidos los derechos sobre denominaci\u00f3n de marcas, patentes, derechos de autor y cualesquiera otros derechos de propiedad mercantil, intelectual o industrial. ADM se reserva el derecho a exigir responsabilidades al Usuario de conformidad con la legislaci\u00f3n aplicable, as\u00ed como el derecho a solicitar cualquier indemnizaci\u00f3n por da\u00f1os y perjuicios causados por acciones dolosas o negligentes del Usuario.<\/span><\/p>\n<p><span style=\"font-weight: 400\">Asimismo, el Usuario reconoce y acepta que no est\u00e1 permitida la utilizaci\u00f3n del Sitio Web con fines comerciales ni para fines distintos de los expresamente previstos por ADM o que se deriven del propio Sitio web.<\/span><\/p>\n<h2><span style=\"font-weight: 400\">Responsabilidad de ADM<\/span><\/h2>\n<p><span style=\"font-weight: 400\">ADM no garantiza la calidad, precisi\u00f3n, fiabilidad, correcci\u00f3n o moralidad de los datos, programas, informaci\u00f3n, Sitio Web u opiniones cualquiera que sea el origen ya provengan de su red o de redes a las que el Usuario pueda acceder a trav\u00e9s de ADM. Al acceder al Sitio Web, el Usuario acepta que ADM queda exento de toda responsabilidad en relaci\u00f3n con el Sitio Web. Asimismo, el Usuario asume bajo su exclusiva responsabilidad las consecuencias, da\u00f1os o acciones que pudieran derivarse del acceso a dichos contenidos, as\u00ed como de su reproducci\u00f3n o difusi\u00f3n.<\/span><\/p>\n<p><span style=\"font-weight: 400\">ADM no garantiza que todos los c\u00f3digos de descuento y ofertas de marketing presentes en los contenidos de VPN est\u00e9n operativos y\/o sean correctos. El Usuario entiende y reconoce que el contenido mostrado en el Sitio Web es proporcionado por terceros, y que dichos terceros son responsables de cualquier inexactitud relativa a los c\u00f3digos promocionales y ofertas mostradas en el Sitio Web.<\/span><\/p>\n<p><span style=\"font-weight: 400\">ADM no se hace responsable por el Usuario de la disponibilidad t\u00e9cnica ni de los contenidos de las p\u00e1ginas web de terceros a las que se pueda acceder mediante enlace desde el Sitio Web.<\/span><\/p>\n<p><span style=\"font-weight: 400\">ADM no se hace responsable de los hechos, actos o da\u00f1os directos o indirectos que puedan derivarse de la utilizaci\u00f3n de terceros como consecuencia de la utilizaci\u00f3n de los contenidos pertenecientes a ADM. Esta garant\u00eda limitada y responsabilidad limitada mencionadas en los p\u00e1rrafos anteriores no aceptan los derechos estatutarios de los Usuarios.<\/span><\/p>\n<p><span style=\"font-weight: 400\">El Sitio Web y el acceso al mismo se proporcionan bajo la base de \u00abtal cual es\u00bb (\u201cas is\u201d), sin que ADM asuma responsabilidad alguna por las discrepancias que pudiesen existir entre las expectativas de los Usuarios y el Sitio Web en s\u00ed.<\/span><\/p>\n<h2><span style=\"font-weight: 400\">Derechos Intelectuales y Propiedad Industrial<\/span><\/h2>\n<p><span style=\"font-weight: 400\">En el Sitio Web, los contenidos y derechos de propiedad intelectual, programaci\u00f3n y dise\u00f1os web se encuentran protegidos, y cualquier reproducci\u00f3n, comunicaci\u00f3n, divulgaci\u00f3n y distribuci\u00f3n de los mismos necesita de el previo consentimiento expreso y por escrito de ADM. Asimismo, todos los logotipos que aparecen en el Sitio Web, pertenecen a ADM o a los respectivos terceros, por lo que queda prohibida su reproducci\u00f3n o distribuci\u00f3n bajo ning\u00fan medio sin el consentimiento expreso y por escrito otorgado por el titular y facilitado a ADM para su evaluaci\u00f3n.<\/span><\/p>\n<h2><span style=\"font-weight: 400\">Coste del acceso al Sitio web<\/span><\/h2>\n<p><span style=\"font-weight: 400\">El acceso al Sitio web es proporcionado de forma gratuita y est\u00e1 sujeto a las otras secciones de los T\u00e9rminos de Uso.<\/span><\/p>\n<h2><span style=\"font-weight: 400\">Ley aplicable<\/span><\/h2>\n<p><span style=\"font-weight: 400\">La legislaci\u00f3n alemana aplica a estos T\u00e9rminos de usos, con exclusi\u00f3n de sus normas de conflicto de leyes.<\/span><\/p>\n<h2><span style=\"font-weight: 400\">Uso del Sitio web por parte de los Usuarios<\/span><\/h2>\n<p><span style=\"font-weight: 400\">El Usuario debe ser mayor de edad y tener plena capacidad jur\u00eddica para utilizar el Sitio Web. La responsabilidad de determinar si el Usuario es mayor de edad y tiene derecho a usar el Sitio Web corresponde al Usuario, sin que ADM pueda asumir responsabilidad alguna por ello. Dado que cuando un Usuario menor de edad accede al Sitio Web no puede ser verificada esta circunstancia por ADM, ADM recuerda que corresponde a sus padres o tutores la responsabilidad de controlar la utilizaci\u00f3n que los menores hacen del Sitio Web y, en concreto, del m\u00f3vil\/ordenador desde el que acceden al Sitio Web y al que tienen acceso el menor o terceros. ADM no puede controlar la utilizaci\u00f3n que los Usuarios hacen del Sitio Web. Por ello, no garantiza que el Sitio Web sea utilizado de conformidad con la legislaci\u00f3n aplicable o las presentes T\u00e9rminos de uso. Corresponde al Usuario el cumplimiento de las presentes normas, en especial las relativas a los derechos de propiedad intelectual e industrial, absteni\u00e9ndose de utilizar el Sitio Web con fines il\u00edcitos o que vulneren o infrinjan los derechos e intereses de ADM o de terceros titulares de los mismos. Asimismo, salvo que ADM haya puesto a disposici\u00f3n de los Usuarios un sistema expresamente destinado a ello, los Usuarios deber\u00e1n abstenerse de obtener o intentar obtener cualquier tipo de contenido en el Sitio Web, incluyendo, a t\u00edtulo enunciativo y no limitativo, textos, gr\u00e1ficos, comparativas, an\u00e1lisis, dibujos, archivos de sonido, im\u00e1genes, fotograf\u00edas o v\u00eddeos. En concreto, ADM proh\u00edbe cualquier descarga, copia o reproducci\u00f3n de los contenidos realizada por un Usuario, tanto parcial c\u00f3mo completa, salvo autorizaci\u00f3n expresa de ADM. ADM no se hace responsable de los da\u00f1os y perjuicios de toda naturaleza que pudieran derivarse de la utilizaci\u00f3n del Sitio web por el Usuario y de los contenidos ofrecidos en las p\u00e1ginas web de ADM. ADM no se hace responsable de los da\u00f1os y perjuicios de toda naturaleza que pudieran derivarse de la utilizaci\u00f3n por parte de los Usuarios del Sitio Web y de los contenidos ofrecidos en los sitios web de ADM. El Sitio Web no debe ser utilizado para incurrir intencionadamente en conductas il\u00edcitas, para crear, almacenar o difundir a sabiendas cualquier contenido ilegal, para infringir a sabiendas derechos de autor, para infringir a sabiendas cualquier derecho de propiedad intelectual, o para enviar spam o promover el env\u00edo de spam.<\/span><\/p>\n<p><span style=\"font-weight: 400\">ADM tambi\u00e9n recuerda al Usuario que el uso del Sitio Web es una elecci\u00f3n libre del Usuario, y al elegir hacerlo, el Usuario asume toda la responsabilidad de cumplir las leyes aplicables, as\u00ed como de comportarse de acuerdo con las normas morales, \u00e9ticas y otras normas y est\u00e1ndares sociales.<\/span><\/p>\n<h2><span style=\"font-weight: 400\">Contacto<\/span><\/h2>\n<p><span style=\"font-weight: 400\">Puedes ponerte en contacto con nosotros por correo electr\u00f3nico a vpn@fairsavings.com o por correo ordinario en la direcci\u00f3n arriba indicada.<\/span><\/p>\n","protected":false},"excerpt":{"rendered":"<p>La utilizaci\u00f3n de P\u00fablico VPN https:\/\/www.publico.es\/vpn\/ (en lo sucesivo denominado como \u201cSitio web\u201d) al acceder al Sitio web y\/o al realizar cualquier acci\u00f3n activa para utilizar las funcionalidades del Sitio web implica y conlleva la aceptaci\u00f3n de estos T\u00e9rminos y condiciones de uso del Sitio web. (en lo sucesivo denominado como \u201cUsuario\u201d). En el caso [&hellip;]<\/p>\n","protected":false},"author":1,"featured_media":0,"parent":0,"menu_order":0,"comment_status":"closed","ping_status":"open","template":"","meta":{"_acf_changed":false,"om_disable_all_campaigns":false,"_gspb_post_css":"","_uf_show_specific_survey":0,"_uf_disable_surveys":false,"_monsterinsights_skip_tracking":false,"_monsterinsights_sitenote_active":false,"_monsterinsights_sitenote_note":"","_monsterinsights_sitenote_category":0,"footnotes":""},"class_list":["post-1665","page","type-page","status-publish","hentry"],"acf":[],"yoast_head":"<!-- This site is optimized with the Yoast SEO plugin v23.4 - https:\/\/yoast.com\/wordpress\/plugins\/seo\/ -->\n<title>T\u00e9rminos de uso de P\u00fablico VPN -<\/title>\n<meta name=\"description\" content=\"Conoce los t\u00e9rminos de uso de la categor\u00eda de P\u00fablico VPN para navegar con toda seguridad conociendo todos los t\u00e9rminos.\" \/>\n<meta name=\"robots\" content=\"index, follow, max-snippet:-1, max-image-preview:large, max-video-preview:-1\" \/>\n<link rel=\"canonical\" href=\"https:\/\/www.publico.es\/vpn\/wp-json\/wp\/v2\/pages\/1665\" \/>\n<meta property=\"og:locale\" content=\"es_ES\" \/>\n<meta property=\"og:type\" content=\"article\" \/>\n<meta property=\"og:title\" content=\"T\u00e9rminos de uso de P\u00fablico VPN -\" \/>\n<meta property=\"og:description\" content=\"Conoce los t\u00e9rminos de uso de la categor\u00eda de P\u00fablico VPN para navegar con toda seguridad conociendo todos los t\u00e9rminos.\" \/>\n<meta property=\"og:url\" content=\"https:\/\/content-hub.wlp.app\/vpn\/terminos-de-uso\/\" \/>\n<meta property=\"og:site_name\" content=\"Publico VPN\" \/>\n<meta property=\"article:modified_time\" content=\"2024-06-17T08:34:12+00:00\" \/>\n<meta name=\"twitter:card\" content=\"summary_large_image\" \/>\n<meta name=\"twitter:label1\" content=\"Tiempo de lectura\" \/>\n\t<meta name=\"twitter:data1\" content=\"7 minutos\" \/>\n<script type=\"application\/ld+json\" class=\"yoast-schema-graph\">{\"@context\":\"https:\/\/schema.org\",\"@graph\":[{\"@type\":\"WebPage\",\"@id\":\"https:\/\/content-hub.wlp.app\/vpn\/terminos-de-uso\/\",\"url\":\"https:\/\/content-hub.wlp.app\/vpn\/terminos-de-uso\/\",\"name\":\"T\u00e9rminos de uso de P\u00fablico VPN -\",\"isPartOf\":{\"@id\":\"https:\/\/content-hub.wlp.app\/vpn\/#website\"},\"datePublished\":\"2020-10-21T20:30:22+00:00\",\"dateModified\":\"2024-06-17T08:34:12+00:00\",\"description\":\"Conoce los t\u00e9rminos de uso de la categor\u00eda de P\u00fablico VPN para navegar con toda seguridad conociendo todos los t\u00e9rminos.\",\"breadcrumb\":{\"@id\":\"https:\/\/content-hub.wlp.app\/vpn\/terminos-de-uso\/#breadcrumb\"},\"inLanguage\":\"es\",\"potentialAction\":[{\"@type\":\"ReadAction\",\"target\":[\"https:\/\/content-hub.wlp.app\/vpn\/terminos-de-uso\/\"]}]},{\"@type\":\"BreadcrumbList\",\"@id\":\"https:\/\/content-hub.wlp.app\/vpn\/terminos-de-uso\/#breadcrumb\",\"itemListElement\":[{\"@type\":\"ListItem\",\"position\":1,\"name\":\"Home\",\"item\":\"https:\/\/www.publico.es\/vpn\"},{\"@type\":\"ListItem\",\"position\":2,\"name\":\"T\u00e9rminos de uso de P\u00fablico VPN\"}]},{\"@type\":\"WebSite\",\"@id\":\"https:\/\/content-hub.wlp.app\/vpn\/#website\",\"url\":\"https:\/\/content-hub.wlp.app\/vpn\/\",\"name\":\"Publico VPN\",\"description\":\"\",\"publisher\":{\"@id\":\"https:\/\/content-hub.wlp.app\/vpn\/#organization\"},\"potentialAction\":[{\"@type\":\"SearchAction\",\"target\":{\"@type\":\"EntryPoint\",\"urlTemplate\":\"https:\/\/content-hub.wlp.app\/vpn\/?s={search_term_string}\"},\"query-input\":{\"@type\":\"PropertyValueSpecification\",\"valueRequired\":true,\"valueName\":\"search_term_string\"}}],\"inLanguage\":\"es\"},{\"@type\":\"Organization\",\"@id\":\"https:\/\/content-hub.wlp.app\/vpn\/#organization\",\"name\":\"Publico VPN\",\"url\":\"https:\/\/content-hub.wlp.app\/vpn\/\",\"logo\":{\"@type\":\"ImageObject\",\"inLanguage\":\"es\",\"@id\":\"https:\/\/content-hub.wlp.app\/vpn\/#\/schema\/logo\/image\/\",\"url\":\"https:\/\/content-hub.wlp.app\/vpn\/wp-content\/uploads\/sites\/2\/2023\/12\/publico-png.png\",\"contentUrl\":\"https:\/\/content-hub.wlp.app\/vpn\/wp-content\/uploads\/sites\/2\/2023\/12\/publico-png.png\",\"width\":225,\"height\":225,\"caption\":\"Publico VPN\"},\"image\":{\"@id\":\"https:\/\/content-hub.wlp.app\/vpn\/#\/schema\/logo\/image\/\"}}]}<\/script>\n<!-- \/ Yoast SEO plugin. -->","yoast_head_json":{"title":"T\u00e9rminos de uso de P\u00fablico VPN -","description":"Conoce los t\u00e9rminos de uso de la categor\u00eda de P\u00fablico VPN para navegar con toda seguridad conociendo todos los t\u00e9rminos.","robots":{"index":"index","follow":"follow","max-snippet":"max-snippet:-1","max-image-preview":"max-image-preview:large","max-video-preview":"max-video-preview:-1"},"canonical":"https:\/\/www.publico.es\/vpn\/wp-json\/wp\/v2\/pages\/1665","og_locale":"es_ES","og_type":"article","og_title":"T\u00e9rminos de uso de P\u00fablico VPN -","og_description":"Conoce los t\u00e9rminos de uso de la categor\u00eda de P\u00fablico VPN para navegar con toda seguridad conociendo todos los t\u00e9rminos.","og_url":"https:\/\/content-hub.wlp.app\/vpn\/terminos-de-uso\/","og_site_name":"Publico VPN","article_modified_time":"2024-06-17T08:34:12+00:00","twitter_card":"summary_large_image","twitter_misc":{"Tiempo de lectura":"7 minutos"},"schema":{"@context":"https:\/\/schema.org","@graph":[{"@type":"WebPage","@id":"https:\/\/content-hub.wlp.app\/vpn\/terminos-de-uso\/","url":"https:\/\/content-hub.wlp.app\/vpn\/terminos-de-uso\/","name":"T\u00e9rminos de uso de P\u00fablico VPN -","isPartOf":{"@id":"https:\/\/content-hub.wlp.app\/vpn\/#website"},"datePublished":"2020-10-21T20:30:22+00:00","dateModified":"2024-06-17T08:34:12+00:00","description":"Conoce los t\u00e9rminos de uso de la categor\u00eda de P\u00fablico VPN para navegar con toda seguridad conociendo todos los t\u00e9rminos.","breadcrumb":{"@id":"https:\/\/content-hub.wlp.app\/vpn\/terminos-de-uso\/#breadcrumb"},"inLanguage":"es","potentialAction":[{"@type":"ReadAction","target":["https:\/\/content-hub.wlp.app\/vpn\/terminos-de-uso\/"]}]},{"@type":"BreadcrumbList","@id":"https:\/\/content-hub.wlp.app\/vpn\/terminos-de-uso\/#breadcrumb","itemListElement":[{"@type":"ListItem","position":1,"name":"Home","item":"https:\/\/www.publico.es\/vpn"},{"@type":"ListItem","position":2,"name":"T\u00e9rminos de uso de P\u00fablico VPN"}]},{"@type":"WebSite","@id":"https:\/\/content-hub.wlp.app\/vpn\/#website","url":"https:\/\/content-hub.wlp.app\/vpn\/","name":"Publico VPN","description":"","publisher":{"@id":"https:\/\/content-hub.wlp.app\/vpn\/#organization"},"potentialAction":[{"@type":"SearchAction","target":{"@type":"EntryPoint","urlTemplate":"https:\/\/content-hub.wlp.app\/vpn\/?s={search_term_string}"},"query-input":{"@type":"PropertyValueSpecification","valueRequired":true,"valueName":"search_term_string"}}],"inLanguage":"es"},{"@type":"Organization","@id":"https:\/\/content-hub.wlp.app\/vpn\/#organization","name":"Publico VPN","url":"https:\/\/content-hub.wlp.app\/vpn\/","logo":{"@type":"ImageObject","inLanguage":"es","@id":"https:\/\/content-hub.wlp.app\/vpn\/#\/schema\/logo\/image\/","url":"https:\/\/content-hub.wlp.app\/vpn\/wp-content\/uploads\/sites\/2\/2023\/12\/publico-png.png","contentUrl":"https:\/\/content-hub.wlp.app\/vpn\/wp-content\/uploads\/sites\/2\/2023\/12\/publico-png.png","width":225,"height":225,"caption":"Publico VPN"},"image":{"@id":"https:\/\/content-hub.wlp.app\/vpn\/#\/schema\/logo\/image\/"}}]}},"_links":{"self":[{"href":"https:\/\/content-hub.wlp.app\/vpn\/wp-json\/wp\/v2\/pages\/1665"}],"collection":[{"href":"https:\/\/content-hub.wlp.app\/vpn\/wp-json\/wp\/v2\/pages"}],"about":[{"href":"https:\/\/content-hub.wlp.app\/vpn\/wp-json\/wp\/v2\/types\/page"}],"author":[{"embeddable":true,"href":"https:\/\/content-hub.wlp.app\/vpn\/wp-json\/wp\/v2\/users\/1"}],"replies":[{"embeddable":true,"href":"https:\/\/content-hub.wlp.app\/vpn\/wp-json\/wp\/v2\/comments?post=1665"}],"version-history":[{"count":0,"href":"https:\/\/content-hub.wlp.app\/vpn\/wp-json\/wp\/v2\/pages\/1665\/revisions"}],"wp:attachment":[{"href":"https:\/\/content-hub.wlp.app\/vpn\/wp-json\/wp\/v2\/media?parent=1665"}],"curies":[{"name":"wp","href":"https:\/\/api.w.org\/{rel}","templated":true}]}}